{"id":21,"date":"2022-12-07T18:09:47","date_gmt":"2022-12-07T15:09:47","guid":{"rendered":"http:\/\/192.168.1.131\/reximex\/?page_id=21"},"modified":"2023-06-23T14:46:02","modified_gmt":"2023-06-23T11:46:02","slug":"reximex-hakkinda","status":"publish","type":"page","link":"https:\/\/reximex.com\/tr\/reximex-hakkinda\/","title":{"rendered":"Reximex Hakk\u0131nda"},"content":{"rendered":"<div style=\"display: inline-block;\"><img loading=\"lazy\" decoding=\"async\" class=\" wp-image-265 alignright\" src=\"https:\/\/fiviserver.net\/reximex\/wp-content\/uploads\/2022\/12\/factory_1-738x492-1-300x200.png\" alt=\"\" width=\"342\" height=\"228\" srcset=\"https:\/\/reximex.com\/tr\/wp-content\/uploads\/2022\/12\/factory_1-738x492-1-300x200.png 300w, https:\/\/reximex.com\/tr\/wp-content\/uploads\/2022\/12\/factory_1-738x492-1.png 738w\" sizes=\"auto, (max-width: 342px) 100vw, 342px\" \/>Reximex, 2015 y\u0131l\u0131nda Konya-Bey\u015fehir&#8217;de kuruldu. Kurulu\u015f amac\u0131m\u0131z, Y\u00f6netim ve \u00dcretim ekibimizin rehberli\u011finde, en son Ar-Ge ve \u00dcretim yetkinli\u011fini kullanarak d\u00fcnya standartlar\u0131nda \u00fcr\u00fcnler \u00fcretebilmektir.<\/p>\n<p>Reximex, bu kadar k\u0131sa s\u00fcrede kaliteli \u00fcr\u00fcn \u00fcretmekten ve m\u00fc\u015fteri memnuniyetinden asla \u00f6d\u00fcn vermeme vizyonuyla 60&#8217;tan fazla \u00fclkede m\u00fc\u015fteri portf\u00f6y\u00fcne\u00a0ula\u015fm\u0131\u015ft\u0131r.<\/p>\n<\/div>\n<div style=\"display: inline-block;\">\n<p><img loading=\"lazy\" decoding=\"async\" class=\"size-medium wp-image-266 alignright\" src=\"https:\/\/fiviserver.net\/reximex\/wp-content\/uploads\/2022\/12\/factory-738x492-1-300x200.png\" alt=\"\" width=\"300\" height=\"200\" srcset=\"https:\/\/reximex.com\/tr\/wp-content\/uploads\/2022\/12\/factory-738x492-1-300x200.png 300w, https:\/\/reximex.com\/tr\/wp-content\/uploads\/2022\/12\/factory-738x492-1.png 738w\" sizes=\"auto, (max-width: 300px) 100vw, 300px\" \/><\/p>\n<\/div>\n","protected":false},"excerpt":{"rendered":"<p>Reximex, 2015 y\u0131l\u0131nda Konya-Bey\u015fehir&#8217;de kuruldu. Kurulu\u015f amac\u0131m\u0131z, Y\u00f6netim ve \u00dcretim ekibimizin rehberli\u011finde, en son Ar-Ge ve \u00dcretim yetkinli\u011fini kullanarak d\u00fcnya standartlar\u0131nda \u00fcr\u00fcnler \u00fcretebilmektir. Reximex, bu kadar k\u0131sa s\u00fcrede kaliteli \u00fcr\u00fcn \u00fcretmekten ve m\u00fc\u015fteri memnuniyetinden asla \u00f6d\u00fcn vermeme vizyonuyla 60&#8217;tan fazla \u00fclkede m\u00fc\u015fteri portf\u00f6y\u00fcne\u00a0ula\u015fm\u0131\u015ft\u0131r.<\/p>\n","protected":false},"author":1,"featured_media":0,"parent":0,"menu_order":0,"comment_status":"closed","ping_status":"closed","template":"","meta":{"footnotes":""},"class_list":["post-21","page","type-page","status-publish","hentry"],"_links":{"self":[{"href":"https:\/\/reximex.com\/tr\/wp-json\/wp\/v2\/pages\/21","targetHints":{"allow":["GET"]}}],"collection":[{"href":"https:\/\/reximex.com\/tr\/wp-json\/wp\/v2\/pages"}],"about":[{"href":"https:\/\/reximex.com\/tr\/wp-json\/wp\/v2\/types\/page"}],"author":[{"embeddable":true,"href":"https:\/\/reximex.com\/tr\/wp-json\/wp\/v2\/users\/1"}],"replies":[{"embeddable":true,"href":"https:\/\/reximex.com\/tr\/wp-json\/wp\/v2\/comments?post=21"}],"version-history":[{"count":14,"href":"https:\/\/reximex.com\/tr\/wp-json\/wp\/v2\/pages\/21\/revisions"}],"predecessor-version":[{"id":264,"href":"https:\/\/reximex.com\/tr\/wp-json\/wp\/v2\/pages\/21\/revisions\/264"}],"wp:attachment":[{"href":"https:\/\/reximex.com\/tr\/wp-json\/wp\/v2\/media?parent=21"}],"curies":[{"name":"wp","href":"https:\/\/api.w.org\/{rel}","templated":true}]}}