{"id":291,"date":"2022-12-22T15:14:40","date_gmt":"2022-12-22T12:14:40","guid":{"rendered":"http:\/\/192.168.1.131\/reximex\/?page_id=291"},"modified":"2023-06-02T17:39:54","modified_gmt":"2023-06-02T14:39:54","slug":"kullanim-kilavuzlari","status":"publish","type":"page","link":"https:\/\/reximex.com\/tr\/destek-2\/kullanim-kilavuzlari\/","title":{"rendered":"Kullan\u0131m K\u0131lavuzlar\u0131"},"content":{"rendered":"","protected":false},"excerpt":{"rendered":"","protected":false},"author":1,"featured_media":0,"parent":293,"menu_order":0,"comment_status":"closed","ping_status":"closed","template":"","meta":{"footnotes":""},"class_list":["post-291","page","type-page","status-publish","hentry"],"_links":{"self":[{"href":"https:\/\/reximex.com\/tr\/wp-json\/wp\/v2\/pages\/291","targetHints":{"allow":["GET"]}}],"collection":[{"href":"https:\/\/reximex.com\/tr\/wp-json\/wp\/v2\/pages"}],"about":[{"href":"https:\/\/reximex.com\/tr\/wp-json\/wp\/v2\/types\/page"}],"author":[{"embeddable":true,"href":"https:\/\/reximex.com\/tr\/wp-json\/wp\/v2\/users\/1"}],"replies":[{"embeddable":true,"href":"https:\/\/reximex.com\/tr\/wp-json\/wp\/v2\/comments?post=291"}],"version-history":[{"count":2,"href":"https:\/\/reximex.com\/tr\/wp-json\/wp\/v2\/pages\/291\/revisions"}],"predecessor-version":[{"id":1451,"href":"https:\/\/reximex.com\/tr\/wp-json\/wp\/v2\/pages\/291\/revisions\/1451"}],"up":[{"embeddable":true,"href":"https:\/\/reximex.com\/tr\/wp-json\/wp\/v2\/pages\/293"}],"wp:attachment":[{"href":"https:\/\/reximex.com\/tr\/wp-json\/wp\/v2\/media?parent=291"}],"curies":[{"name":"wp","href":"https:\/\/api.w.org\/{rel}","templated":true}]}}